{"id":623,"date":"2023-04-26T16:01:12","date_gmt":"2023-04-26T16:01:12","guid":{"rendered":"https:\/\/mpservices.app\/?page_id=623"},"modified":"2024-11-14T19:30:13","modified_gmt":"2024-11-14T19:30:13","slug":"aviso-de-privacidad","status":"publish","type":"page","link":"https:\/\/mpservices.app\/en_us\/aviso-de-privacidad\/","title":{"rendered":"Privacy notice of the website and mobile applications"},"content":{"rendered":"<div id=\"fws_6a047e55bfbc7\"  data-column-margin=\"default\" data-midnight=\"dark\"  class=\"wpb_row vc_row-fluid vc_row\"  style=\"padding-top: 0px; padding-bottom: 0px; \"><div class=\"row-bg-wrap\" data-bg-animation=\"none\" data-bg-animation-delay=\"\" data-bg-overlay=\"false\"><div class=\"inner-wrap row-bg-layer\" ><div class=\"row-bg viewport-desktop\"  style=\"\"><\/div><\/div><\/div><div class=\"row_col_wrap_12 col span_12 dark left\">\n\t<div  class=\"vc_col-sm-12 wpb_column column_container vc_column_container col padding-5-percent inherit_tablet inherit_phone\"  data-padding-pos=\"all\" data-has-bg-color=\"false\" data-bg-color=\"\" data-bg-opacity=\"1\" data-animation=\"\" data-delay=\"0\" >\n\t\t<div class=\"vc_column-inner\" >\n\t\t\t<div class=\"wpb_wrapper\">\n\t\t\t\t<div class=\"nectar-highlighted-text\" data-style=\"full_text\" data-exp=\"default\" data-using-custom-color=\"true\" data-animation-delay=\"false\" data-color=\"#f5bd41\" data-color-gradient=\"\" style=\"\"><h2><em>Privacy notice of the website and mobile applications<\/em><\/h2>\n<\/div>\n<div class=\"wpb_text_column wpb_content_element\" >\n\t<p>MPSERVICES LLC con domicilio en 30 N Gould St Ste R Sheridan, WY 82801, Estados Unidos de Am\u00e9rica y sus filiales SOFTWARE PARA MANTENIMIENTO MP, S.A. DE C.V. (en lo sucesivo \u201cMPTOTAL\u201d), con domicilio en Av. Reforma 7 Desp 404, Cd. Brisa, C.P. 53280, Naucalpan de Ju\u00e1rez, M\u00e9x., M\u00e9xico, con portales oficiales de internet: https:\/\/mptotal.com\/, https:\/\/mpservices.app\/ y https:\/\/mpindustries.app\/; y con las aplicaciones m\u00f3viles mpservices y mpindustries; es el responsable del uso y protecci\u00f3n de sus datos personales, y al respecto le informamos lo siguiente:<\/p>\n<p><!-- \/wp:post-content --><\/p>\n<p>&nbsp;<\/p>\n<p><!-- wp:paragraph --><\/p>\n<h3><strong>For what purposes will we use your personal data?<\/strong><\/h3>\n<p><!-- \/wp:paragraph --><\/p>\n<p><!-- wp:paragraph -->MPTOTAL collects your personal data and sensitive personal data in order to use it for the following purposes:<\/p>\n<p class=\"txt-parr\" dir=\"ltr\">a) Obtain information and statistical data on browsing habits<\/p>\n<p class=\"txt-parr\" dir=\"ltr\">b) Identify profiles that enter the application<\/p>\n<p class=\"txt-parr\" dir=\"ltr\">c) Filter content based on the access email account<\/p>\n<p class=\"txt-parr\" dir=\"ltr\">d) For marketing, advertising and commercial projection purposes.<\/p>\n<p><!-- \/wp:paragraph --><\/p>\n<p>&nbsp;<\/p>\n<p><!-- wp:paragraph --><\/p>\n<h3><strong>What permissions do mobile apps require?<\/strong><\/h3>\n<p>Our mpservices and mpindustries mobile apps require permission to:<\/p>\n<p>a) The use of the camera<\/p>\n<p>b) Storage space<\/p>\n<p>c) Device location<\/p>\n<p>&nbsp;<\/p>\n<h3><strong>How can you access, rectify or cancel your personal data, or oppose its use or exercise the revocation of consent?<\/strong><\/h3>\n<p><!-- \/wp:paragraph --><\/p>\n<p><!-- wp:paragraph -->You have the right to know what personal data we have about you, what we use it for and the conditions of use we give it (Access). Likewise, it is your right to request the correction of your personal information if it is outdated, inaccurate or incomplete (Rectification); that we delete it from our records or databases when we consider that it is not being used appropriately (Cancellation); as well as oppose the use of your personal data for specific purposes (Opposition). These rights are known as ARCO rights.<\/p>\n<p><!-- \/wp:paragraph --><\/p>\n<p><!-- wp:paragraph -->To exercise any of the ARCO rights, you must send a request via email to contacto@mptotal.com and it must contain:<\/p>\n<p><!-- \/wp:paragraph --><\/p>\n<p>&nbsp;<\/p>\n<p><!-- wp:list --><\/p>\n<ul>\n<li style=\"list-style-type: none;\">\n<ul><!-- wp:list-item --><\/p>\n<li>Full name of the owner.<\/li>\n<p><!-- \/wp:list-item --><\/p>\n<p><!-- wp:list-item --><\/p>\n<li>Home.<\/li>\n<p><!-- \/wp:list-item --><\/p>\n<p><!-- wp:list-item --><\/p>\n<li>Phone.<\/li>\n<p><!-- \/wp:list-item --><\/p>\n<p><!-- wp:list-item --><\/p>\n<li>Email used on this website.<\/li>\n<p><!-- \/wp:list-item --><\/p>\n<p><!-- wp:list-item --><\/p>\n<li>Copy of an official identification attached.<\/li>\n<p><!-- \/wp:list-item --><\/p>\n<p><!-- wp:list-item --><\/p>\n<li>\u201cARCO Rights\u201d matter<\/li>\n<\/ul>\n<\/li>\n<\/ul>\n<p><!-- \/wp:list-item --><!-- \/wp:list --><\/p>\n<p><!-- wp:paragraph -->Description of the purpose of the writing, which may be, but are not limited to, the following: Revocation of consent to process your personal data; and\/or Notification of improper use of the processing of your personal data; and\/or Exercise your ARCO Rights, with a clear and precise description of the data to Access, Rectify, Cancel or Oppose. In the case of rectification of personal data, you must indicate the exact modification and attach the supporting documentation; It is important in the event of revocation of consent, that you bear in mind that not in all cases we will be able to respond to your request or conclude the use immediately, since it is possible that due to some legal obligation we require to continue processing your personal data. Likewise, you must consider that for certain purposes, the revocation of your consent will imply that we will not be able to continue providing the service you requested from us, or the conclusion of your relationship with us.<\/p>\n<p><!-- \/wp:paragraph --><\/p>\n<p><!-- wp:paragraph -->In how many days will we respond to your request?<br \/>5 days<\/p>\n<p><!-- \/wp:paragraph --><\/p>\n<p><!-- wp:paragraph -->d) By what means will we communicate the response to your request?<br \/>To the same email from which the request was sent.<\/p>\n<p><!-- \/wp:paragraph --><\/p>\n<p>&nbsp;<\/p>\n<p><!-- wp:paragraph --><\/p>\n<h3><strong>The use of tracking technologies on our internet portal and mobile applications<\/strong><\/h3>\n<p><!-- \/wp:paragraph --><\/p>\n<p><!-- wp:paragraph -->We inform you that on our internet pages (https:\/\/mptotal.com\/, https:\/\/mpservices.app\/ and https:\/\/mpindustries.app\/) we use cookies, web beacons or other technologies, through which It is possible to monitor your behavior as an Internet user, as well as provide you with a better service and experience when browsing our page. The personal data we obtain from these tracking technologies is the following:<\/p>\n<p><!-- \/wp:paragraph --><\/p>\n<p><!-- wp:paragraph -->Session identifiers, username and passwords, User&#039;s preferred language, Region in which the user is located, User&#039;s browser type, User&#039;s operating system type, Date and time of the start and end of a session of a user<\/p>\n<p><!-- \/wp:paragraph --><\/p>\n<p><!-- wp:paragraph -->These cookies, web beacons and other technologies can be disabled. To learn how to do this, consult your browser&#039;s help menu. Please note that if you disable cookies, you may not be able to access certain personalized features on our websites.<\/p>\n<p><!-- \/wp:paragraph --><\/p>\n<p>&nbsp;<\/p>\n<p><!-- wp:paragraph --><\/p>\n<h3><strong>How can you find out about changes to this privacy notice?<\/strong><\/h3>\n<p><!-- \/wp:paragraph --><\/p>\n<p><!-- wp:paragraph -->This privacy notice may be modified, changed or updated due to new legal requirements; of our own needs for the products or services we offer; of our privacy practices; Changes in our business model, or other causes. We are committed to keeping this privacy notice updated regarding any changes it may undergo and you can always consult any updates that exist on any of our websites: https:\/\/mptotal.com\/, https:\/\/mpservices.app\/ and https: \/\/mpindustries.app\/.<\/p>\n<p><!-- \/wp:paragraph --><\/p>\n<p>&nbsp;<\/p>\n<p><!-- wp:paragraph --><\/p>\n<p id=\"aviso-format\">Last update of this privacy notice: 12\/04\/2023<\/p>\n<p><!-- \/wp:paragraph -->\u00a0<\/p>\n<\/div>\n\n\n\n\n\t\t\t<\/div> \n\t\t<\/div>\n\t<\/div> \n<\/div><\/div>","protected":false},"excerpt":{"rendered":"Aviso de privacidad de la p\u00e1gina web y aplicaciones m\u00f3viles MPSERVICES LLC con domicilio en 30 N Gould St Ste R Sheridan, WY 82801, Estados Unidos de Am\u00e9rica y sus...","protected":false},"author":1,"featured_media":0,"parent":0,"menu_order":0,"comment_status":"closed","ping_status":"closed","template":"","meta":{"_coblocks_attr":"","_coblocks_dimensions":"","_coblocks_responsive_height":"","_coblocks_accordion_ie_support":"","inline_featured_image":false,"footnotes":""},"class_list":["post-623","page","type-page","status-publish"],"yoast_head":"<!-- This site is optimized with the Yoast SEO plugin v27.6 - https:\/\/yoast.com\/product\/yoast-seo-wordpress\/ -->\n<title>Aviso de privacidad de la p\u00e1gina web y aplicaciones m\u00f3viles - MPservices by MPsoftware<\/title>\n<meta name=\"robots\" content=\"index, follow, max-snippet:-1, max-image-preview:large, max-video-preview:-1\" \/>\n<link rel=\"canonical\" href=\"https:\/\/mpservices.app\/en_us\/aviso-de-privacidad\/\" \/>\n<meta property=\"og:locale\" content=\"en_US\" \/>\n<meta property=\"og:type\" content=\"article\" \/>\n<meta property=\"og:title\" content=\"Aviso de privacidad de la p\u00e1gina web y aplicaciones m\u00f3viles - MPservices by MPsoftware\" \/>\n<meta property=\"og:url\" content=\"https:\/\/mpservices.app\/en_us\/aviso-de-privacidad\/\" \/>\n<meta property=\"og:site_name\" content=\"MPservices by MPsoftware\" \/>\n<meta property=\"article:modified_time\" content=\"2024-11-14T19:30:13+00:00\" \/>\n<meta name=\"twitter:card\" content=\"summary_large_image\" \/>\n<meta name=\"twitter:label1\" content=\"Est. reading time\" \/>\n\t<meta name=\"twitter:data1\" content=\"4 minutes\" \/>\n<script type=\"application\/ld+json\" class=\"yoast-schema-graph\">{\"@context\":\"https:\\\/\\\/schema.org\",\"@graph\":[{\"@type\":\"WebPage\",\"@id\":\"https:\\\/\\\/mpservices.app\\\/aviso-de-privacidad\\\/\",\"url\":\"https:\\\/\\\/mpservices.app\\\/aviso-de-privacidad\\\/\",\"name\":\"Aviso de privacidad de la p\u00e1gina web y aplicaciones m\u00f3viles - MPservices by MPsoftware\",\"isPartOf\":{\"@id\":\"https:\\\/\\\/mpservices.app\\\/#website\"},\"datePublished\":\"2023-04-26T16:01:12+00:00\",\"dateModified\":\"2024-11-14T19:30:13+00:00\",\"breadcrumb\":{\"@id\":\"https:\\\/\\\/mpservices.app\\\/aviso-de-privacidad\\\/#breadcrumb\"},\"inLanguage\":\"en-US\",\"potentialAction\":[{\"@type\":\"ReadAction\",\"target\":[\"https:\\\/\\\/mpservices.app\\\/aviso-de-privacidad\\\/\"]}]},{\"@type\":\"BreadcrumbList\",\"@id\":\"https:\\\/\\\/mpservices.app\\\/aviso-de-privacidad\\\/#breadcrumb\",\"itemListElement\":[{\"@type\":\"ListItem\",\"position\":1,\"name\":\"Portada\",\"item\":\"https:\\\/\\\/mpservices.app\\\/\"},{\"@type\":\"ListItem\",\"position\":2,\"name\":\"Aviso de privacidad de la p\u00e1gina web y aplicaciones m\u00f3viles\"}]},{\"@type\":\"WebSite\",\"@id\":\"https:\\\/\\\/mpservices.app\\\/#website\",\"url\":\"https:\\\/\\\/mpservices.app\\\/\",\"name\":\"MPservices by MPsoftware\",\"description\":\"Nueva plataforma de mantenimiento para empresas de servicios by MPsoftware\",\"publisher\":{\"@id\":\"https:\\\/\\\/mpservices.app\\\/#organization\"},\"potentialAction\":[{\"@type\":\"SearchAction\",\"target\":{\"@type\":\"EntryPoint\",\"urlTemplate\":\"https:\\\/\\\/mpservices.app\\\/?s={search_term_string}\"},\"query-input\":{\"@type\":\"PropertyValueSpecification\",\"valueRequired\":true,\"valueName\":\"search_term_string\"}}],\"inLanguage\":\"en-US\"},{\"@type\":\"Organization\",\"@id\":\"https:\\\/\\\/mpservices.app\\\/#organization\",\"name\":\"MPservices by MPsoftware\",\"url\":\"https:\\\/\\\/mpservices.app\\\/\",\"logo\":{\"@type\":\"ImageObject\",\"inLanguage\":\"en-US\",\"@id\":\"https:\\\/\\\/mpservices.app\\\/#\\\/schema\\\/logo\\\/image\\\/\",\"url\":\"https:\\\/\\\/mpservices.app\\\/wp-content\\\/uploads\\\/2024\\\/01\\\/mpservices-mp.png\",\"contentUrl\":\"https:\\\/\\\/mpservices.app\\\/wp-content\\\/uploads\\\/2024\\\/01\\\/mpservices-mp.png\",\"width\":512,\"height\":512,\"caption\":\"MPservices by MPsoftware\"},\"image\":{\"@id\":\"https:\\\/\\\/mpservices.app\\\/#\\\/schema\\\/logo\\\/image\\\/\"}}]}<\/script>\n<!-- \/ Yoast SEO plugin. -->","yoast_head_json":{"title":"Aviso de privacidad de la p\u00e1gina web y aplicaciones m\u00f3viles - MPservices by MPsoftware","robots":{"index":"index","follow":"follow","max-snippet":"max-snippet:-1","max-image-preview":"max-image-preview:large","max-video-preview":"max-video-preview:-1"},"canonical":"https:\/\/mpservices.app\/en_us\/aviso-de-privacidad\/","og_locale":"en_US","og_type":"article","og_title":"Aviso de privacidad de la p\u00e1gina web y aplicaciones m\u00f3viles - MPservices by MPsoftware","og_url":"https:\/\/mpservices.app\/en_us\/aviso-de-privacidad\/","og_site_name":"MPservices by MPsoftware","article_modified_time":"2024-11-14T19:30:13+00:00","twitter_card":"summary_large_image","twitter_misc":{"Est. reading time":"4 minutes"},"schema":{"@context":"https:\/\/schema.org","@graph":[{"@type":"WebPage","@id":"https:\/\/mpservices.app\/aviso-de-privacidad\/","url":"https:\/\/mpservices.app\/aviso-de-privacidad\/","name":"Aviso de privacidad de la p\u00e1gina web y aplicaciones m\u00f3viles - MPservices by MPsoftware","isPartOf":{"@id":"https:\/\/mpservices.app\/#website"},"datePublished":"2023-04-26T16:01:12+00:00","dateModified":"2024-11-14T19:30:13+00:00","breadcrumb":{"@id":"https:\/\/mpservices.app\/aviso-de-privacidad\/#breadcrumb"},"inLanguage":"en-US","potentialAction":[{"@type":"ReadAction","target":["https:\/\/mpservices.app\/aviso-de-privacidad\/"]}]},{"@type":"BreadcrumbList","@id":"https:\/\/mpservices.app\/aviso-de-privacidad\/#breadcrumb","itemListElement":[{"@type":"ListItem","position":1,"name":"Portada","item":"https:\/\/mpservices.app\/"},{"@type":"ListItem","position":2,"name":"Aviso de privacidad de la p\u00e1gina web y aplicaciones m\u00f3viles"}]},{"@type":"WebSite","@id":"https:\/\/mpservices.app\/#website","url":"https:\/\/mpservices.app\/","name":"MPservices by MPsoftware","description":"Nueva plataforma de mantenimiento para empresas de servicios by MPsoftware","publisher":{"@id":"https:\/\/mpservices.app\/#organization"},"potentialAction":[{"@type":"SearchAction","target":{"@type":"EntryPoint","urlTemplate":"https:\/\/mpservices.app\/?s={search_term_string}"},"query-input":{"@type":"PropertyValueSpecification","valueRequired":true,"valueName":"search_term_string"}}],"inLanguage":"en-US"},{"@type":"Organization","@id":"https:\/\/mpservices.app\/#organization","name":"MPservices by MPsoftware","url":"https:\/\/mpservices.app\/","logo":{"@type":"ImageObject","inLanguage":"en-US","@id":"https:\/\/mpservices.app\/#\/schema\/logo\/image\/","url":"https:\/\/mpservices.app\/wp-content\/uploads\/2024\/01\/mpservices-mp.png","contentUrl":"https:\/\/mpservices.app\/wp-content\/uploads\/2024\/01\/mpservices-mp.png","width":512,"height":512,"caption":"MPservices by MPsoftware"},"image":{"@id":"https:\/\/mpservices.app\/#\/schema\/logo\/image\/"}}]}},"_links":{"self":[{"href":"https:\/\/mpservices.app\/en_us\/wp-json\/wp\/v2\/pages\/623","targetHints":{"allow":["GET"]}}],"collection":[{"href":"https:\/\/mpservices.app\/en_us\/wp-json\/wp\/v2\/pages"}],"about":[{"href":"https:\/\/mpservices.app\/en_us\/wp-json\/wp\/v2\/types\/page"}],"author":[{"embeddable":true,"href":"https:\/\/mpservices.app\/en_us\/wp-json\/wp\/v2\/users\/1"}],"replies":[{"embeddable":true,"href":"https:\/\/mpservices.app\/en_us\/wp-json\/wp\/v2\/comments?post=623"}],"version-history":[{"count":6,"href":"https:\/\/mpservices.app\/en_us\/wp-json\/wp\/v2\/pages\/623\/revisions"}],"predecessor-version":[{"id":2907,"href":"https:\/\/mpservices.app\/en_us\/wp-json\/wp\/v2\/pages\/623\/revisions\/2907"}],"wp:attachment":[{"href":"https:\/\/mpservices.app\/en_us\/wp-json\/wp\/v2\/media?parent=623"}],"curies":[{"name":"wp","href":"https:\/\/api.w.org\/{rel}","templated":true}]}}